{"id":1883,"date":"2024-11-26T14:51:24","date_gmt":"2024-11-26T13:51:24","guid":{"rendered":"https:\/\/www.jpgarcia.eco\/questions-frequemment-posees\/conformite-juridique-et-reglementaire\/"},"modified":"2024-12-20T14:02:21","modified_gmt":"2024-12-20T13:02:21","slug":"conformite-juridique-et-reglementaire","status":"publish","type":"page","link":"https:\/\/www.jpgarcia.eco\/fr\/questions-frequemment-posees\/conformite-juridique-et-reglementaire\/","title":{"rendered":"Conformit\u00e9 juridique et r\u00e9glementaire"},"content":{"rendered":"\t\t<div data-elementor-type=\"wp-post\" data-elementor-id=\"1883\" class=\"elementor elementor-1883 elementor-1246\" data-elementor-post-type=\"page\">\n\t\t\t\t<div class=\"elementor-element elementor-element-8471a9b animated-slow e-flex e-con-boxed elementor-invisible e-con e-parent\" data-id=\"8471a9b\" data-element_type=\"container\" data-settings=\"{&quot;background_background&quot;:&quot;classic&quot;,&quot;animation&quot;:&quot;fadeIn&quot;}\">\n\t\t\t\t\t<div class=\"e-con-inner\">\n\t\t\t\t<div class=\"elementor-element elementor-element-187f1ef elementor-widget elementor-widget-heading\" data-id=\"187f1ef\" data-element_type=\"widget\" data-widget_type=\"heading.default\">\n\t\t\t\t<div class=\"elementor-widget-container\">\n\t\t\t<h1 class=\"elementor-heading-title elementor-size-default\">Questions fr\u00e9quemment pos\u00e9es<\/h1>\t\t<\/div>\n\t\t\t\t<\/div>\n\t\t\t\t<div class=\"elementor-element elementor-element-3e4fac2 elementor-widget elementor-widget-heading\" data-id=\"3e4fac2\" data-element_type=\"widget\" data-widget_type=\"heading.default\">\n\t\t\t\t<div class=\"elementor-widget-container\">\n\t\t\t<h3 class=\"elementor-heading-title elementor-size-default\">Conformit\u00e9 juridique et r\u00e9glementaire<\/h3>\t\t<\/div>\n\t\t\t\t<\/div>\n\t\t<div class=\"elementor-element elementor-element-d59106b e-con-full e-flex e-con e-child\" data-id=\"d59106b\" data-element_type=\"container\">\n\t\t\t\t<div class=\"elementor-element elementor-element-5c1e58b elementor-widget__width-auto elementor-widget elementor-widget-heading\" data-id=\"5c1e58b\" data-element_type=\"widget\" data-widget_type=\"heading.default\">\n\t\t\t\t<div class=\"elementor-widget-container\">\n\t\t\t<p class=\"elementor-heading-title elementor-size-default\"><a href=\"https:\/\/www.jpgarcia.eco\/fr\/questions-frequemment-posees\/\">FAQ enti\u00e8re<\/a><\/p>\t\t<\/div>\n\t\t\t\t<\/div>\n\t\t\t\t<div class=\"elementor-element elementor-element-0a17bc7 elementor-view-default elementor-widget elementor-widget-icon\" data-id=\"0a17bc7\" data-element_type=\"widget\" data-widget_type=\"icon.default\">\n\t\t\t\t<div class=\"elementor-widget-container\">\n\t\t\t\t\t<div class=\"elementor-icon-wrapper\">\n\t\t\t<div class=\"elementor-icon\">\n\t\t\t<svg aria-hidden=\"true\" class=\"e-font-icon-svg e-fas-chevron-right\" viewBox=\"0 0 320 512\" xmlns=\"http:\/\/www.w3.org\/2000\/svg\"><path d=\"M285.476 272.971L91.132 467.314c-9.373 9.373-24.569 9.373-33.941 0l-22.667-22.667c-9.357-9.357-9.375-24.522-.04-33.901L188.505 256 34.484 101.255c-9.335-9.379-9.317-24.544.04-33.901l22.667-22.667c9.373-9.373 24.569-9.373 33.941 0L285.475 239.03c9.373 9.372 9.373 24.568.001 33.941z\"><\/path><\/svg>\t\t\t<\/div>\n\t\t<\/div>\n\t\t\t\t<\/div>\n\t\t\t\t<\/div>\n\t\t\t\t<div class=\"elementor-element elementor-element-844724b elementor-widget__width-auto elementor-widget elementor-widget-heading\" data-id=\"844724b\" data-element_type=\"widget\" data-widget_type=\"heading.default\">\n\t\t\t\t<div class=\"elementor-widget-container\">\n\t\t\t<p class=\"elementor-heading-title elementor-size-default\"><a href=\"https:\/\/www.jpgarcia.eco\/fr\/questions-frequemment-posees\/\">Conformit\u00e9 juridique et r\u00e9glementaire<\/a><\/p>\t\t<\/div>\n\t\t\t\t<\/div>\n\t\t\t\t<\/div>\n\t\t\t\t\t<\/div>\n\t\t\t\t<\/div>\n\t\t<div class=\"elementor-element elementor-element-4631d7c animated-slow e-flex e-con-boxed elementor-invisible e-con e-parent\" data-id=\"4631d7c\" data-element_type=\"container\" data-settings=\"{&quot;background_background&quot;:&quot;classic&quot;,&quot;animation&quot;:&quot;fadeInUp&quot;,&quot;animation_delay&quot;:400}\">\n\t\t\t\t\t<div class=\"e-con-inner\">\n\t\t\t\t<div class=\"elementor-element elementor-element-5fc46f4 elementor-widget elementor-widget-n-accordion\" data-id=\"5fc46f4\" data-element_type=\"widget\" data-settings=\"{&quot;default_state&quot;:&quot;all_collapsed&quot;,&quot;max_items_expended&quot;:&quot;one&quot;,&quot;n_accordion_animation_duration&quot;:{&quot;unit&quot;:&quot;ms&quot;,&quot;size&quot;:400,&quot;sizes&quot;:[]}}\" data-widget_type=\"nested-accordion.default\">\n\t\t\t\t<div class=\"elementor-widget-container\">\n\t\t\t\t\t<div class=\"e-n-accordion\" aria-label=\"Accordion. Open links with Enter or Space, close with Escape, and navigate with Arrow Keys\">\n\t\t\t\t\t\t<details id=\"e-n-accordion-item-1000\" class=\"e-n-accordion-item\" >\n\t\t\t\t<summary class=\"e-n-accordion-item-title\" data-accordion-index=\"1\" tabindex=\"0\" aria-expanded=\"false\" aria-controls=\"e-n-accordion-item-1000\" >\n\t\t\t\t\t<span class='e-n-accordion-item-title-header'><div class=\"e-n-accordion-item-title-text\"> Respectons-nous les r\u00e9glementations locales et internationales en mati\u00e8re de gestion des d\u00e9chets ? <\/div><\/span>\n\t\t\t\t\t\t\t<span class='e-n-accordion-item-title-icon'>\n\t\t\t<span class='e-opened' ><svg aria-hidden=\"true\" class=\"e-font-icon-svg e-fas-long-arrow-alt-up\" viewBox=\"0 0 256 512\" xmlns=\"http:\/\/www.w3.org\/2000\/svg\"><path d=\"M88 166.059V468c0 6.627 5.373 12 12 12h56c6.627 0 12-5.373 12-12V166.059h46.059c21.382 0 32.09-25.851 16.971-40.971l-86.059-86.059c-9.373-9.373-24.569-9.373-33.941 0l-86.059 86.059c-15.119 15.119-4.411 40.971 16.971 40.971H88z\"><\/path><\/svg><\/span>\n\t\t\t<span class='e-closed'><svg aria-hidden=\"true\" class=\"e-font-icon-svg e-fas-long-arrow-alt-right\" viewBox=\"0 0 448 512\" xmlns=\"http:\/\/www.w3.org\/2000\/svg\"><path d=\"M313.941 216H12c-6.627 0-12 5.373-12 12v56c0 6.627 5.373 12 12 12h301.941v46.059c0 21.382 25.851 32.09 40.971 16.971l86.059-86.059c9.373-9.373 9.373-24.569 0-33.941l-86.059-86.059c-15.119-15.119-40.971-4.411-40.971 16.971V216z\"><\/path><\/svg><\/span>\n\t\t<\/span>\n\n\t\t\t\t\t\t<\/summary>\n\t\t\t\t<div role=\"region\" aria-labelledby=\"e-n-accordion-item-1000\" class=\"elementor-element elementor-element-46045b4 e-con-full e-flex e-con e-child\" data-id=\"46045b4\" data-element_type=\"container\">\n\t\t\t\t<div class=\"elementor-element elementor-element-bd9f484 elementor-widget elementor-widget-text-editor\" data-id=\"bd9f484\" data-element_type=\"widget\" data-widget_type=\"text-editor.default\">\n\t\t\t\t<div class=\"elementor-widget-container\">\n\t\t\t\t\t\t\t<p>Oui, tous nos processus sont conformes aux r\u00e9glementations locales et internationales en mati\u00e8re de gestion des d\u00e9chets, y compris la d\u00e9livrance de certificats de traitement.<\/p>\n\t\t\t\t\t\t<\/div>\n\t\t\t\t<\/div>\n\t\t\t\t<\/div>\n\t\t\t\t\t<\/details>\n\t\t\t\t\t\t<details id=\"e-n-accordion-item-1001\" class=\"e-n-accordion-item\" >\n\t\t\t\t<summary class=\"e-n-accordion-item-title\" data-accordion-index=\"2\" tabindex=\"-1\" aria-expanded=\"false\" aria-controls=\"e-n-accordion-item-1001\" >\n\t\t\t\t\t<span class='e-n-accordion-item-title-header'><div class=\"e-n-accordion-item-title-text\"> Quelles sont les r\u00e9glementations auxquelles les entreprises doivent se conformer en mati\u00e8re de gestion des d\u00e9chets industriels ? <\/div><\/span>\n\t\t\t\t\t\t\t<span class='e-n-accordion-item-title-icon'>\n\t\t\t<span class='e-opened' ><svg aria-hidden=\"true\" class=\"e-font-icon-svg e-fas-long-arrow-alt-up\" viewBox=\"0 0 256 512\" xmlns=\"http:\/\/www.w3.org\/2000\/svg\"><path d=\"M88 166.059V468c0 6.627 5.373 12 12 12h56c6.627 0 12-5.373 12-12V166.059h46.059c21.382 0 32.09-25.851 16.971-40.971l-86.059-86.059c-9.373-9.373-24.569-9.373-33.941 0l-86.059 86.059c-15.119 15.119-4.411 40.971 16.971 40.971H88z\"><\/path><\/svg><\/span>\n\t\t\t<span class='e-closed'><svg aria-hidden=\"true\" class=\"e-font-icon-svg e-fas-long-arrow-alt-right\" viewBox=\"0 0 448 512\" xmlns=\"http:\/\/www.w3.org\/2000\/svg\"><path d=\"M313.941 216H12c-6.627 0-12 5.373-12 12v56c0 6.627 5.373 12 12 12h301.941v46.059c0 21.382 25.851 32.09 40.971 16.971l86.059-86.059c9.373-9.373 9.373-24.569 0-33.941l-86.059-86.059c-15.119-15.119-40.971-4.411-40.971 16.971V216z\"><\/path><\/svg><\/span>\n\t\t<\/span>\n\n\t\t\t\t\t\t<\/summary>\n\t\t\t\t<div role=\"region\" aria-labelledby=\"e-n-accordion-item-1001\" class=\"elementor-element elementor-element-cd2c4fa e-con-full e-flex e-con e-child\" data-id=\"cd2c4fa\" data-element_type=\"container\">\n\t\t\t\t<div class=\"elementor-element elementor-element-86b5137 elementor-widget elementor-widget-text-editor\" data-id=\"86b5137\" data-element_type=\"widget\" data-widget_type=\"text-editor.default\">\n\t\t\t\t<div class=\"elementor-widget-container\">\n\t\t\t\t\t\t\t<p>Nous vous conseillons sur la mani\u00e8re de vous assurer que votre entreprise respecte les r\u00e9glementations en vigueur.<\/p>\n\t\t\t\t\t\t<\/div>\n\t\t\t\t<\/div>\n\t\t\t\t<\/div>\n\t\t\t\t\t<\/details>\n\t\t\t\t\t<\/div>\n\t\t\t\t\t<script type=\"application\/ld+json\">{\"@context\":\"https:\\\/\\\/schema.org\",\"@type\":\"FAQPage\",\"mainEntity\":[{\"@type\":\"Question\",\"name\":\"Respectons-nous les r\\u00e9glementations locales et internationales en mati\\u00e8re de gestion des d\\u00e9chets ?\",\"acceptedAnswer\":{\"@type\":\"Answer\",\"text\":\"Oui, tous nos processus sont conformes aux r\\u00e9glementations locales et internationales en mati\\u00e8re de gestion des d\\u00e9chets, y compris la d\\u00e9livrance de certificats de traitement.\"}},{\"@type\":\"Question\",\"name\":\"Quelles sont les r\\u00e9glementations auxquelles les entreprises doivent se conformer en mati\\u00e8re de gestion des d\\u00e9chets industriels ?\",\"acceptedAnswer\":{\"@type\":\"Answer\",\"text\":\"Nous vous conseillons sur la mani\\u00e8re de vous assurer que votre entreprise respecte les r\\u00e9glementations en vigueur.\"}}]}<\/script>\n\t\t\t\t\t<\/div>\n\t\t\t\t<\/div>\n\t\t\t\t\t<\/div>\n\t\t\t\t<\/div>\n\t\t\t\t<\/div>\n\t\t","protected":false},"excerpt":{"rendered":"<p>Questions fr\u00e9quemment pos\u00e9es FAQ enti\u00e8re Respectons-nous les r\u00e9glementations locales et internationales en mati\u00e8re de gestion des d\u00e9chets ? Oui, tous nos processus sont conformes aux r\u00e9glementations locales et internationales en mati\u00e8re de gestion des d\u00e9chets, y compris la d\u00e9livrance de certificats de traitement. Quelles sont les r\u00e9glementations auxquelles les entreprises doivent se conformer en mati\u00e8re [&hellip;]<\/p>\n","protected":false},"author":1,"featured_media":0,"parent":1739,"menu_order":0,"comment_status":"closed","ping_status":"closed","template":"elementor_header_footer","meta":{"footnotes":"","_joinchat":[]},"yoast_head":"<!-- This site is optimized with the Yoast SEO plugin v23.0 - https:\/\/yoast.com\/wordpress\/plugins\/seo\/ -->\n<title>Conformit\u00e9 juridique et r\u00e9glementaire - JP Garcia<\/title>\n<meta name=\"robots\" content=\"index, follow, max-snippet:-1, max-image-preview:large, max-video-preview:-1\" \/>\n<link rel=\"canonical\" href=\"https:\/\/www.jpgarcia.eco\/fr\/questions-frequemment-posees\/conformite-juridique-et-reglementaire\/\" \/>\n<meta property=\"og:locale\" content=\"fr_FR\" \/>\n<meta property=\"og:type\" content=\"article\" \/>\n<meta property=\"og:title\" content=\"Conformit\u00e9 juridique et r\u00e9glementaire - JP Garcia\" \/>\n<meta property=\"og:description\" content=\"Questions fr\u00e9quemment pos\u00e9es FAQ enti\u00e8re Respectons-nous les r\u00e9glementations locales et internationales en mati\u00e8re de gestion des d\u00e9chets ? Oui, tous nos processus sont conformes aux r\u00e9glementations locales et internationales en mati\u00e8re de gestion des d\u00e9chets, y compris la d\u00e9livrance de certificats de traitement. Quelles sont les r\u00e9glementations auxquelles les entreprises doivent se conformer en mati\u00e8re [&hellip;]\" \/>\n<meta property=\"og:url\" content=\"https:\/\/www.jpgarcia.eco\/fr\/questions-frequemment-posees\/conformite-juridique-et-reglementaire\/\" \/>\n<meta property=\"og:site_name\" content=\"JP Garcia\" \/>\n<meta property=\"article:modified_time\" content=\"2024-12-20T13:02:21+00:00\" \/>\n<meta name=\"twitter:card\" content=\"summary_large_image\" \/>\n<meta name=\"twitter:label1\" content=\"Dur\u00e9e de lecture estim\u00e9e\" \/>\n\t<meta name=\"twitter:data1\" content=\"1 minute\" \/>\n<script type=\"application\/ld+json\" class=\"yoast-schema-graph\">{\"@context\":\"https:\/\/schema.org\",\"@graph\":[{\"@type\":\"WebPage\",\"@id\":\"https:\/\/www.jpgarcia.eco\/fr\/questions-frequemment-posees\/conformite-juridique-et-reglementaire\/\",\"url\":\"https:\/\/www.jpgarcia.eco\/fr\/questions-frequemment-posees\/conformite-juridique-et-reglementaire\/\",\"name\":\"Conformit\u00e9 juridique et r\u00e9glementaire - JP Garcia\",\"isPartOf\":{\"@id\":\"https:\/\/www.jpgarcia.eco\/fr\/#website\"},\"datePublished\":\"2024-11-26T13:51:24+00:00\",\"dateModified\":\"2024-12-20T13:02:21+00:00\",\"breadcrumb\":{\"@id\":\"https:\/\/www.jpgarcia.eco\/fr\/questions-frequemment-posees\/conformite-juridique-et-reglementaire\/#breadcrumb\"},\"inLanguage\":\"fr-FR\",\"potentialAction\":[{\"@type\":\"ReadAction\",\"target\":[\"https:\/\/www.jpgarcia.eco\/fr\/questions-frequemment-posees\/conformite-juridique-et-reglementaire\/\"]}]},{\"@type\":\"BreadcrumbList\",\"@id\":\"https:\/\/www.jpgarcia.eco\/fr\/questions-frequemment-posees\/conformite-juridique-et-reglementaire\/#breadcrumb\",\"itemListElement\":[{\"@type\":\"ListItem\",\"position\":1,\"name\":\"Portada\",\"item\":\"https:\/\/www.jpgarcia.eco\/fr\/\"},{\"@type\":\"ListItem\",\"position\":2,\"name\":\"Questions fr\u00e9quemment pos\u00e9es\",\"item\":\"https:\/\/www.jpgarcia.eco\/fr\/questions-frequemment-posees\/\"},{\"@type\":\"ListItem\",\"position\":3,\"name\":\"Conformit\u00e9 juridique et r\u00e9glementaire\"}]},{\"@type\":\"WebSite\",\"@id\":\"https:\/\/www.jpgarcia.eco\/fr\/#website\",\"url\":\"https:\/\/www.jpgarcia.eco\/fr\/\",\"name\":\"JP Garcia\",\"description\":\"Recuperaci\u00f3n y reciclaje de envases industriales\",\"publisher\":{\"@id\":\"https:\/\/www.jpgarcia.eco\/fr\/#organization\"},\"potentialAction\":[{\"@type\":\"SearchAction\",\"target\":{\"@type\":\"EntryPoint\",\"urlTemplate\":\"https:\/\/www.jpgarcia.eco\/fr\/?s={search_term_string}\"},\"query-input\":\"required name=search_term_string\"}],\"inLanguage\":\"fr-FR\"},{\"@type\":\"Organization\",\"@id\":\"https:\/\/www.jpgarcia.eco\/fr\/#organization\",\"name\":\"JP Garcia\",\"url\":\"https:\/\/www.jpgarcia.eco\/fr\/\",\"logo\":{\"@type\":\"ImageObject\",\"inLanguage\":\"fr-FR\",\"@id\":\"https:\/\/www.jpgarcia.eco\/fr\/#\/schema\/logo\/image\/\",\"url\":\"https:\/\/www.jpgarcia.eco\/wp-content\/uploads\/2024\/05\/logo_white.png\",\"contentUrl\":\"https:\/\/www.jpgarcia.eco\/wp-content\/uploads\/2024\/05\/logo_white.png\",\"width\":104,\"height\":65,\"caption\":\"JP Garcia\"},\"image\":{\"@id\":\"https:\/\/www.jpgarcia.eco\/fr\/#\/schema\/logo\/image\/\"}}]}<\/script>\n<!-- \/ Yoast SEO plugin. -->","yoast_head_json":{"title":"Conformit\u00e9 juridique et r\u00e9glementaire - JP Garcia","robots":{"index":"index","follow":"follow","max-snippet":"max-snippet:-1","max-image-preview":"max-image-preview:large","max-video-preview":"max-video-preview:-1"},"canonical":"https:\/\/www.jpgarcia.eco\/fr\/questions-frequemment-posees\/conformite-juridique-et-reglementaire\/","og_locale":"fr_FR","og_type":"article","og_title":"Conformit\u00e9 juridique et r\u00e9glementaire - JP Garcia","og_description":"Questions fr\u00e9quemment pos\u00e9es FAQ enti\u00e8re Respectons-nous les r\u00e9glementations locales et internationales en mati\u00e8re de gestion des d\u00e9chets ? Oui, tous nos processus sont conformes aux r\u00e9glementations locales et internationales en mati\u00e8re de gestion des d\u00e9chets, y compris la d\u00e9livrance de certificats de traitement. Quelles sont les r\u00e9glementations auxquelles les entreprises doivent se conformer en mati\u00e8re [&hellip;]","og_url":"https:\/\/www.jpgarcia.eco\/fr\/questions-frequemment-posees\/conformite-juridique-et-reglementaire\/","og_site_name":"JP Garcia","article_modified_time":"2024-12-20T13:02:21+00:00","twitter_card":"summary_large_image","twitter_misc":{"Dur\u00e9e de lecture estim\u00e9e":"1 minute"},"schema":{"@context":"https:\/\/schema.org","@graph":[{"@type":"WebPage","@id":"https:\/\/www.jpgarcia.eco\/fr\/questions-frequemment-posees\/conformite-juridique-et-reglementaire\/","url":"https:\/\/www.jpgarcia.eco\/fr\/questions-frequemment-posees\/conformite-juridique-et-reglementaire\/","name":"Conformit\u00e9 juridique et r\u00e9glementaire - JP Garcia","isPartOf":{"@id":"https:\/\/www.jpgarcia.eco\/fr\/#website"},"datePublished":"2024-11-26T13:51:24+00:00","dateModified":"2024-12-20T13:02:21+00:00","breadcrumb":{"@id":"https:\/\/www.jpgarcia.eco\/fr\/questions-frequemment-posees\/conformite-juridique-et-reglementaire\/#breadcrumb"},"inLanguage":"fr-FR","potentialAction":[{"@type":"ReadAction","target":["https:\/\/www.jpgarcia.eco\/fr\/questions-frequemment-posees\/conformite-juridique-et-reglementaire\/"]}]},{"@type":"BreadcrumbList","@id":"https:\/\/www.jpgarcia.eco\/fr\/questions-frequemment-posees\/conformite-juridique-et-reglementaire\/#breadcrumb","itemListElement":[{"@type":"ListItem","position":1,"name":"Portada","item":"https:\/\/www.jpgarcia.eco\/fr\/"},{"@type":"ListItem","position":2,"name":"Questions fr\u00e9quemment pos\u00e9es","item":"https:\/\/www.jpgarcia.eco\/fr\/questions-frequemment-posees\/"},{"@type":"ListItem","position":3,"name":"Conformit\u00e9 juridique et r\u00e9glementaire"}]},{"@type":"WebSite","@id":"https:\/\/www.jpgarcia.eco\/fr\/#website","url":"https:\/\/www.jpgarcia.eco\/fr\/","name":"JP Garcia","description":"Recuperaci\u00f3n y reciclaje de envases industriales","publisher":{"@id":"https:\/\/www.jpgarcia.eco\/fr\/#organization"},"potentialAction":[{"@type":"SearchAction","target":{"@type":"EntryPoint","urlTemplate":"https:\/\/www.jpgarcia.eco\/fr\/?s={search_term_string}"},"query-input":"required name=search_term_string"}],"inLanguage":"fr-FR"},{"@type":"Organization","@id":"https:\/\/www.jpgarcia.eco\/fr\/#organization","name":"JP Garcia","url":"https:\/\/www.jpgarcia.eco\/fr\/","logo":{"@type":"ImageObject","inLanguage":"fr-FR","@id":"https:\/\/www.jpgarcia.eco\/fr\/#\/schema\/logo\/image\/","url":"https:\/\/www.jpgarcia.eco\/wp-content\/uploads\/2024\/05\/logo_white.png","contentUrl":"https:\/\/www.jpgarcia.eco\/wp-content\/uploads\/2024\/05\/logo_white.png","width":104,"height":65,"caption":"JP Garcia"},"image":{"@id":"https:\/\/www.jpgarcia.eco\/fr\/#\/schema\/logo\/image\/"}}]}},"_links":{"self":[{"href":"https:\/\/www.jpgarcia.eco\/fr\/wp-json\/wp\/v2\/pages\/1883"}],"collection":[{"href":"https:\/\/www.jpgarcia.eco\/fr\/wp-json\/wp\/v2\/pages"}],"about":[{"href":"https:\/\/www.jpgarcia.eco\/fr\/wp-json\/wp\/v2\/types\/page"}],"author":[{"embeddable":true,"href":"https:\/\/www.jpgarcia.eco\/fr\/wp-json\/wp\/v2\/users\/1"}],"replies":[{"embeddable":true,"href":"https:\/\/www.jpgarcia.eco\/fr\/wp-json\/wp\/v2\/comments?post=1883"}],"version-history":[{"count":1,"href":"https:\/\/www.jpgarcia.eco\/fr\/wp-json\/wp\/v2\/pages\/1883\/revisions"}],"predecessor-version":[{"id":1884,"href":"https:\/\/www.jpgarcia.eco\/fr\/wp-json\/wp\/v2\/pages\/1883\/revisions\/1884"}],"up":[{"embeddable":true,"href":"https:\/\/www.jpgarcia.eco\/fr\/wp-json\/wp\/v2\/pages\/1739"}],"wp:attachment":[{"href":"https:\/\/www.jpgarcia.eco\/fr\/wp-json\/wp\/v2\/media?parent=1883"}],"curies":[{"name":"wp","href":"https:\/\/api.w.org\/{rel}","templated":true}]}}