{"id":1737,"date":"2024-11-22T10:30:53","date_gmt":"2024-11-22T09:30:53","guid":{"rendered":"https:\/\/www.jpgarcia.eco\/actualite\/"},"modified":"2024-12-20T11:14:55","modified_gmt":"2024-12-20T10:14:55","slug":"actualite","status":"publish","type":"page","link":"https:\/\/www.jpgarcia.eco\/fr\/actualite\/","title":{"rendered":"Actualit\u00e9"},"content":{"rendered":"\t\t<div data-elementor-type=\"wp-post\" data-elementor-id=\"1737\" class=\"elementor elementor-1737 elementor-900\" data-elementor-post-type=\"page\">\n\t\t\t\t<div class=\"elementor-element elementor-element-7bc0267 animated-slow e-flex e-con-boxed elementor-invisible e-con e-parent\" data-id=\"7bc0267\" data-element_type=\"container\" data-settings=\"{&quot;background_background&quot;:&quot;classic&quot;,&quot;animation&quot;:&quot;fadeIn&quot;}\">\n\t\t\t\t\t<div class=\"e-con-inner\">\n\t\t\t\t<div class=\"elementor-element elementor-element-14cf919 elementor-widget elementor-widget-heading\" data-id=\"14cf919\" data-element_type=\"widget\" data-widget_type=\"heading.default\">\n\t\t\t\t<div class=\"elementor-widget-container\">\n\t\t\t<h1 class=\"elementor-heading-title elementor-size-default\">Actualit\u00e9<\/h1>\t\t<\/div>\n\t\t\t\t<\/div>\n\t\t\t\t<div class=\"elementor-element elementor-element-d458376 elementor-widget elementor-widget-text-editor\" data-id=\"d458376\" data-element_type=\"widget\" data-widget_type=\"text-editor.default\">\n\t\t\t\t<div class=\"elementor-widget-container\">\n\t\t\t\t\t\t\t<p>D\u00e9couvrez les derni\u00e8res nouvelles et tendances en mati\u00e8re de r\u00e9cup\u00e9ration, de recyclage et de d\u00e9veloppement durable<\/p>\n\t\t\t\t\t\t<\/div>\n\t\t\t\t<\/div>\n\t\t\t\t<div class=\"elementor-element elementor-element-6278bf5 elementor-widget elementor-widget-text-editor\" data-id=\"6278bf5\" data-element_type=\"widget\" data-widget_type=\"text-editor.default\">\n\t\t\t\t<div class=\"elementor-widget-container\">\n\t\t\t\t\t\t\t<p>Chez JP Garcia, nous vous tenons au courant des derni\u00e8res tendances en mati\u00e8re de recyclage, de gestion des d\u00e9chets et de d\u00e9veloppement durable, en vous fournissant un contenu pertinent pour favoriser un avenir plus durable<\/p>\n\t\t\t\t\t\t<\/div>\n\t\t\t\t<\/div>\n\t\t\t\t\t<\/div>\n\t\t\t\t<\/div>\n\t\t<div class=\"elementor-element elementor-element-eccc675 animated-slow e-flex e-con-boxed elementor-invisible e-con e-parent\" data-id=\"eccc675\" data-element_type=\"container\" data-settings=\"{&quot;background_background&quot;:&quot;classic&quot;,&quot;animation&quot;:&quot;fadeInUp&quot;,&quot;animation_delay&quot;:300}\">\n\t\t\t\t\t<div class=\"e-con-inner\">\n\t\t\t\t<div class=\"elementor-element elementor-element-1cf1a4b elementor-grid-3 elementor-grid-tablet-2 elementor-grid-mobile-1 elementor-widget elementor-widget-loop-grid\" data-id=\"1cf1a4b\" data-element_type=\"widget\" data-settings=\"{&quot;template_id&quot;:1776,&quot;columns&quot;:3,&quot;pagination_type&quot;:&quot;numbers&quot;,&quot;_skin&quot;:&quot;post&quot;,&quot;columns_tablet&quot;:&quot;2&quot;,&quot;columns_mobile&quot;:&quot;1&quot;,&quot;edit_handle_selector&quot;:&quot;[data-elementor-type=\\&quot;loop-item\\&quot;]&quot;,&quot;pagination_load_type&quot;:&quot;page_reload&quot;,&quot;row_gap&quot;:{&quot;unit&quot;:&quot;px&quot;,&quot;size&quot;:&quot;&quot;,&quot;sizes&quot;:[]},&quot;row_gap_laptop&quot;:{&quot;unit&quot;:&quot;px&quot;,&quot;size&quot;:&quot;&quot;,&quot;sizes&quot;:[]},&quot;row_gap_tablet_extra&quot;:{&quot;unit&quot;:&quot;px&quot;,&quot;size&quot;:&quot;&quot;,&quot;sizes&quot;:[]},&quot;row_gap_tablet&quot;:{&quot;unit&quot;:&quot;px&quot;,&quot;size&quot;:&quot;&quot;,&quot;sizes&quot;:[]},&quot;row_gap_mobile&quot;:{&quot;unit&quot;:&quot;px&quot;,&quot;size&quot;:&quot;&quot;,&quot;sizes&quot;:[]}}\" data-widget_type=\"loop-grid.post\">\n\t\t\t\t<div class=\"elementor-widget-container\">\n\t\t\t\t\t<div class=\"e-loop-nothing-found-message\">\n\t\t<\/div>\n\t\t\t\t<\/div>\n\t\t\t\t<\/div>\n\t\t\t\t\t<\/div>\n\t\t\t\t<\/div>\n\t\t\t\t<\/div>\n\t\t","protected":false},"excerpt":{"rendered":"<p>D\u00e9couvrez les derni\u00e8res nouvelles et tendances en mati\u00e8re de r\u00e9cup\u00e9ration, de recyclage et de d\u00e9veloppement durable Chez JP Garcia, nous vous tenons au courant des derni\u00e8res tendances en mati\u00e8re de recyclage, de gestion des d\u00e9chets et de d\u00e9veloppement durable, en vous fournissant un contenu pertinent pour favoriser un avenir plus durable<\/p>\n","protected":false},"author":1,"featured_media":0,"parent":0,"menu_order":0,"comment_status":"closed","ping_status":"closed","template":"elementor_header_footer","meta":{"footnotes":"","_joinchat":[]},"yoast_head":"<!-- This site is optimized with the Yoast SEO plugin v23.0 - https:\/\/yoast.com\/wordpress\/plugins\/seo\/ -->\n<title>Actualit\u00e9 - JP Garcia<\/title>\n<meta name=\"robots\" content=\"index, follow, max-snippet:-1, max-image-preview:large, max-video-preview:-1\" \/>\n<link rel=\"canonical\" href=\"https:\/\/www.jpgarcia.eco\/fr\/actualite\/\" \/>\n<meta property=\"og:locale\" content=\"fr_FR\" \/>\n<meta property=\"og:type\" content=\"article\" \/>\n<meta property=\"og:title\" content=\"Actualit\u00e9 - JP Garcia\" \/>\n<meta property=\"og:description\" content=\"D\u00e9couvrez les derni\u00e8res nouvelles et tendances en mati\u00e8re de r\u00e9cup\u00e9ration, de recyclage et de d\u00e9veloppement durable Chez JP Garcia, nous vous tenons au courant des derni\u00e8res tendances en mati\u00e8re de recyclage, de gestion des d\u00e9chets et de d\u00e9veloppement durable, en vous fournissant un contenu pertinent pour favoriser un avenir plus durable\" \/>\n<meta property=\"og:url\" content=\"https:\/\/www.jpgarcia.eco\/fr\/actualite\/\" \/>\n<meta property=\"og:site_name\" content=\"JP Garcia\" \/>\n<meta property=\"article:modified_time\" content=\"2024-12-20T10:14:55+00:00\" \/>\n<meta name=\"twitter:card\" content=\"summary_large_image\" \/>\n<script type=\"application\/ld+json\" class=\"yoast-schema-graph\">{\"@context\":\"https:\/\/schema.org\",\"@graph\":[{\"@type\":\"WebPage\",\"@id\":\"https:\/\/www.jpgarcia.eco\/fr\/actualite\/\",\"url\":\"https:\/\/www.jpgarcia.eco\/fr\/actualite\/\",\"name\":\"Actualit\u00e9 - JP Garcia\",\"isPartOf\":{\"@id\":\"https:\/\/www.jpgarcia.eco\/fr\/#website\"},\"datePublished\":\"2024-11-22T09:30:53+00:00\",\"dateModified\":\"2024-12-20T10:14:55+00:00\",\"breadcrumb\":{\"@id\":\"https:\/\/www.jpgarcia.eco\/fr\/actualite\/#breadcrumb\"},\"inLanguage\":\"fr-FR\",\"potentialAction\":[{\"@type\":\"ReadAction\",\"target\":[\"https:\/\/www.jpgarcia.eco\/fr\/actualite\/\"]}]},{\"@type\":\"BreadcrumbList\",\"@id\":\"https:\/\/www.jpgarcia.eco\/fr\/actualite\/#breadcrumb\",\"itemListElement\":[{\"@type\":\"ListItem\",\"position\":1,\"name\":\"Portada\",\"item\":\"https:\/\/www.jpgarcia.eco\/fr\/\"},{\"@type\":\"ListItem\",\"position\":2,\"name\":\"Actualit\u00e9\"}]},{\"@type\":\"WebSite\",\"@id\":\"https:\/\/www.jpgarcia.eco\/fr\/#website\",\"url\":\"https:\/\/www.jpgarcia.eco\/fr\/\",\"name\":\"JP Garcia\",\"description\":\"Recuperaci\u00f3n y reciclaje de envases industriales\",\"publisher\":{\"@id\":\"https:\/\/www.jpgarcia.eco\/fr\/#organization\"},\"potentialAction\":[{\"@type\":\"SearchAction\",\"target\":{\"@type\":\"EntryPoint\",\"urlTemplate\":\"https:\/\/www.jpgarcia.eco\/fr\/?s={search_term_string}\"},\"query-input\":\"required name=search_term_string\"}],\"inLanguage\":\"fr-FR\"},{\"@type\":\"Organization\",\"@id\":\"https:\/\/www.jpgarcia.eco\/fr\/#organization\",\"name\":\"JP Garcia\",\"url\":\"https:\/\/www.jpgarcia.eco\/fr\/\",\"logo\":{\"@type\":\"ImageObject\",\"inLanguage\":\"fr-FR\",\"@id\":\"https:\/\/www.jpgarcia.eco\/fr\/#\/schema\/logo\/image\/\",\"url\":\"https:\/\/www.jpgarcia.eco\/wp-content\/uploads\/2024\/05\/logo_white.png\",\"contentUrl\":\"https:\/\/www.jpgarcia.eco\/wp-content\/uploads\/2024\/05\/logo_white.png\",\"width\":104,\"height\":65,\"caption\":\"JP Garcia\"},\"image\":{\"@id\":\"https:\/\/www.jpgarcia.eco\/fr\/#\/schema\/logo\/image\/\"}}]}<\/script>\n<!-- \/ Yoast SEO plugin. -->","yoast_head_json":{"title":"Actualit\u00e9 - JP Garcia","robots":{"index":"index","follow":"follow","max-snippet":"max-snippet:-1","max-image-preview":"max-image-preview:large","max-video-preview":"max-video-preview:-1"},"canonical":"https:\/\/www.jpgarcia.eco\/fr\/actualite\/","og_locale":"fr_FR","og_type":"article","og_title":"Actualit\u00e9 - JP Garcia","og_description":"D\u00e9couvrez les derni\u00e8res nouvelles et tendances en mati\u00e8re de r\u00e9cup\u00e9ration, de recyclage et de d\u00e9veloppement durable Chez JP Garcia, nous vous tenons au courant des derni\u00e8res tendances en mati\u00e8re de recyclage, de gestion des d\u00e9chets et de d\u00e9veloppement durable, en vous fournissant un contenu pertinent pour favoriser un avenir plus durable","og_url":"https:\/\/www.jpgarcia.eco\/fr\/actualite\/","og_site_name":"JP Garcia","article_modified_time":"2024-12-20T10:14:55+00:00","twitter_card":"summary_large_image","schema":{"@context":"https:\/\/schema.org","@graph":[{"@type":"WebPage","@id":"https:\/\/www.jpgarcia.eco\/fr\/actualite\/","url":"https:\/\/www.jpgarcia.eco\/fr\/actualite\/","name":"Actualit\u00e9 - JP Garcia","isPartOf":{"@id":"https:\/\/www.jpgarcia.eco\/fr\/#website"},"datePublished":"2024-11-22T09:30:53+00:00","dateModified":"2024-12-20T10:14:55+00:00","breadcrumb":{"@id":"https:\/\/www.jpgarcia.eco\/fr\/actualite\/#breadcrumb"},"inLanguage":"fr-FR","potentialAction":[{"@type":"ReadAction","target":["https:\/\/www.jpgarcia.eco\/fr\/actualite\/"]}]},{"@type":"BreadcrumbList","@id":"https:\/\/www.jpgarcia.eco\/fr\/actualite\/#breadcrumb","itemListElement":[{"@type":"ListItem","position":1,"name":"Portada","item":"https:\/\/www.jpgarcia.eco\/fr\/"},{"@type":"ListItem","position":2,"name":"Actualit\u00e9"}]},{"@type":"WebSite","@id":"https:\/\/www.jpgarcia.eco\/fr\/#website","url":"https:\/\/www.jpgarcia.eco\/fr\/","name":"JP Garcia","description":"Recuperaci\u00f3n y reciclaje de envases industriales","publisher":{"@id":"https:\/\/www.jpgarcia.eco\/fr\/#organization"},"potentialAction":[{"@type":"SearchAction","target":{"@type":"EntryPoint","urlTemplate":"https:\/\/www.jpgarcia.eco\/fr\/?s={search_term_string}"},"query-input":"required name=search_term_string"}],"inLanguage":"fr-FR"},{"@type":"Organization","@id":"https:\/\/www.jpgarcia.eco\/fr\/#organization","name":"JP Garcia","url":"https:\/\/www.jpgarcia.eco\/fr\/","logo":{"@type":"ImageObject","inLanguage":"fr-FR","@id":"https:\/\/www.jpgarcia.eco\/fr\/#\/schema\/logo\/image\/","url":"https:\/\/www.jpgarcia.eco\/wp-content\/uploads\/2024\/05\/logo_white.png","contentUrl":"https:\/\/www.jpgarcia.eco\/wp-content\/uploads\/2024\/05\/logo_white.png","width":104,"height":65,"caption":"JP Garcia"},"image":{"@id":"https:\/\/www.jpgarcia.eco\/fr\/#\/schema\/logo\/image\/"}}]}},"_links":{"self":[{"href":"https:\/\/www.jpgarcia.eco\/fr\/wp-json\/wp\/v2\/pages\/1737"}],"collection":[{"href":"https:\/\/www.jpgarcia.eco\/fr\/wp-json\/wp\/v2\/pages"}],"about":[{"href":"https:\/\/www.jpgarcia.eco\/fr\/wp-json\/wp\/v2\/types\/page"}],"author":[{"embeddable":true,"href":"https:\/\/www.jpgarcia.eco\/fr\/wp-json\/wp\/v2\/users\/1"}],"replies":[{"embeddable":true,"href":"https:\/\/www.jpgarcia.eco\/fr\/wp-json\/wp\/v2\/comments?post=1737"}],"version-history":[{"count":1,"href":"https:\/\/www.jpgarcia.eco\/fr\/wp-json\/wp\/v2\/pages\/1737\/revisions"}],"predecessor-version":[{"id":1738,"href":"https:\/\/www.jpgarcia.eco\/fr\/wp-json\/wp\/v2\/pages\/1737\/revisions\/1738"}],"wp:attachment":[{"href":"https:\/\/www.jpgarcia.eco\/fr\/wp-json\/wp\/v2\/media?parent=1737"}],"curies":[{"name":"wp","href":"https:\/\/api.w.org\/{rel}","templated":true}]}}