{"id":1714,"date":"2024-05-08T09:43:18","date_gmt":"2024-05-08T07:43:18","guid":{"rendered":"https:\/\/www.jpgarcia.eco\/histoire\/"},"modified":"2024-12-30T10:05:15","modified_gmt":"2024-12-30T09:05:15","slug":"histoire","status":"publish","type":"page","link":"https:\/\/www.jpgarcia.eco\/fr\/histoire\/","title":{"rendered":"Histoire"},"content":{"rendered":"\t\t<div data-elementor-type=\"wp-post\" data-elementor-id=\"1714\" class=\"elementor elementor-1714 elementor-107\" data-elementor-post-type=\"page\">\n\t\t\t\t<div class=\"elementor-element elementor-element-357a5b3 animated-slow e-flex e-con-boxed elementor-invisible e-con e-parent\" data-id=\"357a5b3\" data-element_type=\"container\" data-settings=\"{&quot;background_background&quot;:&quot;classic&quot;,&quot;animation&quot;:&quot;fadeIn&quot;}\">\n\t\t\t\t\t<div class=\"e-con-inner\">\n\t\t\t\t<div class=\"elementor-element elementor-element-f9b38b1 elementor-widget elementor-widget-spacer\" data-id=\"f9b38b1\" data-element_type=\"widget\" data-widget_type=\"spacer.default\">\n\t\t\t\t<div class=\"elementor-widget-container\">\n\t\t\t\t\t<div class=\"elementor-spacer\">\n\t\t\t<div class=\"elementor-spacer-inner\"><\/div>\n\t\t<\/div>\n\t\t\t\t<\/div>\n\t\t\t\t<\/div>\n\t\t\t\t\t<\/div>\n\t\t\t\t<\/div>\n\t\t<div class=\"elementor-element elementor-element-b29e48b animated-slow e-flex e-con-boxed elementor-invisible e-con e-parent\" data-id=\"b29e48b\" data-element_type=\"container\" data-settings=\"{&quot;background_background&quot;:&quot;classic&quot;,&quot;animation&quot;:&quot;fadeIn&quot;,&quot;animation_delay&quot;:300}\">\n\t\t\t\t\t<div class=\"e-con-inner\">\n\t\t\t\t<div class=\"elementor-element elementor-element-5f34f96 elementor-widget elementor-widget-image\" data-id=\"5f34f96\" data-element_type=\"widget\" data-widget_type=\"image.default\">\n\t\t\t\t<div class=\"elementor-widget-container\">\n\t\t\t\t\t\t\t\t\t\t\t\t\t<img fetchpriority=\"high\" decoding=\"async\" width=\"1104\" height=\"1628\" src=\"https:\/\/www.jpgarcia.eco\/wp-content\/uploads\/2024\/12\/historia_fr.png\" class=\"attachment-full size-full wp-image-1962\" alt=\"\" srcset=\"https:\/\/www.jpgarcia.eco\/wp-content\/uploads\/2024\/12\/historia_fr.png 1104w, https:\/\/www.jpgarcia.eco\/wp-content\/uploads\/2024\/12\/historia_fr-203x300.png 203w, https:\/\/www.jpgarcia.eco\/wp-content\/uploads\/2024\/12\/historia_fr-694x1024.png 694w, https:\/\/www.jpgarcia.eco\/wp-content\/uploads\/2024\/12\/historia_fr-768x1133.png 768w, https:\/\/www.jpgarcia.eco\/wp-content\/uploads\/2024\/12\/historia_fr-1042x1536.png 1042w\" sizes=\"(max-width: 1104px) 100vw, 1104px\" \/>\t\t\t\t\t\t\t\t\t\t\t\t\t<\/div>\n\t\t\t\t<\/div>\n\t\t\t\t\t<\/div>\n\t\t\t\t<\/div>\n\t\t<div class=\"elementor-element elementor-element-23fcff4 animated-slow e-flex e-con-boxed elementor-invisible e-con e-parent\" data-id=\"23fcff4\" data-element_type=\"container\" data-settings=\"{&quot;background_background&quot;:&quot;classic&quot;,&quot;animation&quot;:&quot;fadeInUp&quot;,&quot;animation_delay&quot;:600}\">\n\t\t\t\t\t<div class=\"e-con-inner\">\n\t\t\t\t<div class=\"elementor-element elementor-element-422944a elementor-widget__width-auto elementor-absolute elementor-widget elementor-widget-image\" data-id=\"422944a\" data-element_type=\"widget\" data-settings=\"{&quot;_position&quot;:&quot;absolute&quot;}\" data-widget_type=\"image.default\">\n\t\t\t\t<div class=\"elementor-widget-container\">\n\t\t\t\t\t\t\t\t\t\t\t\t\t<img decoding=\"async\" width=\"180\" height=\"374\" src=\"https:\/\/www.jpgarcia.eco\/wp-content\/uploads\/2024\/11\/circulo_verd.png\" class=\"attachment-full size-full wp-image-718\" alt=\"\" srcset=\"https:\/\/www.jpgarcia.eco\/wp-content\/uploads\/2024\/11\/circulo_verd.png 180w, https:\/\/www.jpgarcia.eco\/wp-content\/uploads\/2024\/11\/circulo_verd-144x300.png 144w\" sizes=\"(max-width: 180px) 100vw, 180px\" \/>\t\t\t\t\t\t\t\t\t\t\t\t\t<\/div>\n\t\t\t\t<\/div>\n\t\t\t\t<div class=\"elementor-element elementor-element-5714a11 elementor-widget__width-auto elementor-absolute elementor-widget elementor-widget-image\" data-id=\"5714a11\" data-element_type=\"widget\" data-settings=\"{&quot;_position&quot;:&quot;absolute&quot;}\" data-widget_type=\"image.default\">\n\t\t\t\t<div class=\"elementor-widget-container\">\n\t\t\t\t\t\t\t\t\t\t\t\t\t<img decoding=\"async\" width=\"180\" height=\"374\" src=\"https:\/\/www.jpgarcia.eco\/wp-content\/uploads\/2024\/11\/circulo_alt_verd.png\" class=\"attachment-full size-full wp-image-731\" alt=\"\" srcset=\"https:\/\/www.jpgarcia.eco\/wp-content\/uploads\/2024\/11\/circulo_alt_verd.png 180w, https:\/\/www.jpgarcia.eco\/wp-content\/uploads\/2024\/11\/circulo_alt_verd-144x300.png 144w\" sizes=\"(max-width: 180px) 100vw, 180px\" \/>\t\t\t\t\t\t\t\t\t\t\t\t\t<\/div>\n\t\t\t\t<\/div>\n\t\t<div class=\"elementor-element elementor-element-20001fc e-flex e-con-boxed e-con e-child\" data-id=\"20001fc\" data-element_type=\"container\">\n\t\t\t\t\t<div class=\"e-con-inner\">\n\t\t\t\t<div class=\"elementor-element elementor-element-64ca004 elementor-widget__width-initial elementor-widget-mobile__width-inherit elementor-widget elementor-widget-heading\" data-id=\"64ca004\" data-element_type=\"widget\" data-widget_type=\"heading.default\">\n\t\t\t\t<div class=\"elementor-widget-container\">\n\t\t\t<h2 class=\"elementor-heading-title elementor-size-default\">Depuis nos installations situ\u00e9es \u00e0 Fogars de la Selva<\/h2>\t\t<\/div>\n\t\t\t\t<\/div>\n\t\t\t\t<div class=\"elementor-element elementor-element-800b2dd elementor-widget__width-initial elementor-widget-mobile__width-inherit elementor-widget elementor-widget-text-editor\" data-id=\"800b2dd\" data-element_type=\"widget\" data-widget_type=\"text-editor.default\">\n\t\t\t\t<div class=\"elementor-widget-container\">\n\t\t\t\t\t\t\t<p>Nous fournissons des services sur mesure aux entreprises dans tout le pays, en respectant des normes \u00e9lev\u00e9es de qualit\u00e9 et de durabilit\u00e9.<\/p>\n\t\t\t\t\t\t<\/div>\n\t\t\t\t<\/div>\n\t\t\t\t\t<\/div>\n\t\t\t\t<\/div>\n\t\t\t\t\t<\/div>\n\t\t\t\t<\/div>\n\t\t<div class=\"elementor-element elementor-element-d58810f animated-slow e-flex e-con-boxed elementor-invisible e-con e-parent\" data-id=\"d58810f\" data-element_type=\"container\" data-settings=\"{&quot;animation&quot;:&quot;fadeInUp&quot;,&quot;animation_delay&quot;:300}\">\n\t\t\t\t\t<div class=\"e-con-inner\">\n\t\t\t\t<div class=\"elementor-element elementor-element-858ef7c elementor-widget elementor-widget-image\" data-id=\"858ef7c\" data-element_type=\"widget\" data-widget_type=\"image.default\">\n\t\t\t\t<div class=\"elementor-widget-container\">\n\t\t\t\t\t\t\t\t\t\t\t\t\t<img loading=\"lazy\" decoding=\"async\" width=\"1051\" height=\"472\" src=\"https:\/\/www.jpgarcia.eco\/wp-content\/uploads\/2024\/12\/Union-1.png\" class=\"attachment-full size-full wp-image-1572\" alt=\"\" srcset=\"https:\/\/www.jpgarcia.eco\/wp-content\/uploads\/2024\/12\/Union-1.png 1051w, https:\/\/www.jpgarcia.eco\/wp-content\/uploads\/2024\/12\/Union-1-300x135.png 300w, https:\/\/www.jpgarcia.eco\/wp-content\/uploads\/2024\/12\/Union-1-1024x460.png 1024w, https:\/\/www.jpgarcia.eco\/wp-content\/uploads\/2024\/12\/Union-1-768x345.png 768w\" sizes=\"(max-width: 1051px) 100vw, 1051px\" \/>\t\t\t\t\t\t\t\t\t\t\t\t\t<\/div>\n\t\t\t\t<\/div>\n\t\t\t\t\t<\/div>\n\t\t\t\t<\/div>\n\t\t\t\t<\/div>\n\t\t","protected":false},"excerpt":{"rendered":"<p>Depuis nos installations situ\u00e9es \u00e0 Fogars de la Selva Nous fournissons des services sur mesure aux entreprises dans tout le pays, en respectant des normes \u00e9lev\u00e9es de qualit\u00e9 et de durabilit\u00e9.<\/p>\n","protected":false},"author":1,"featured_media":0,"parent":0,"menu_order":0,"comment_status":"closed","ping_status":"closed","template":"elementor_header_footer","meta":{"footnotes":"","_joinchat":[]},"yoast_head":"<!-- This site is optimized with the Yoast SEO plugin v23.0 - https:\/\/yoast.com\/wordpress\/plugins\/seo\/ -->\n<title>Histoire - JP Garcia<\/title>\n<meta name=\"robots\" content=\"index, follow, max-snippet:-1, max-image-preview:large, max-video-preview:-1\" \/>\n<link rel=\"canonical\" href=\"https:\/\/www.jpgarcia.eco\/fr\/histoire\/\" \/>\n<meta property=\"og:locale\" content=\"fr_FR\" \/>\n<meta property=\"og:type\" content=\"article\" \/>\n<meta property=\"og:title\" content=\"Histoire - JP Garcia\" \/>\n<meta property=\"og:description\" content=\"Depuis nos installations situ\u00e9es \u00e0 Fogars de la Selva Nous fournissons des services sur mesure aux entreprises dans tout le pays, en respectant des normes \u00e9lev\u00e9es de qualit\u00e9 et de durabilit\u00e9.\" \/>\n<meta property=\"og:url\" content=\"https:\/\/www.jpgarcia.eco\/fr\/histoire\/\" \/>\n<meta property=\"og:site_name\" content=\"JP Garcia\" \/>\n<meta property=\"article:modified_time\" content=\"2024-12-30T09:05:15+00:00\" \/>\n<meta property=\"og:image\" content=\"https:\/\/www.jpgarcia.eco\/wp-content\/uploads\/2024\/12\/historia_fr.png\" \/>\n\t<meta property=\"og:image:width\" content=\"1104\" \/>\n\t<meta property=\"og:image:height\" content=\"1628\" \/>\n\t<meta property=\"og:image:type\" content=\"image\/png\" \/>\n<meta name=\"twitter:card\" content=\"summary_large_image\" \/>\n<meta name=\"twitter:label1\" content=\"Dur\u00e9e de lecture estim\u00e9e\" \/>\n\t<meta name=\"twitter:data1\" content=\"1 minute\" \/>\n<script type=\"application\/ld+json\" class=\"yoast-schema-graph\">{\"@context\":\"https:\/\/schema.org\",\"@graph\":[{\"@type\":\"WebPage\",\"@id\":\"https:\/\/www.jpgarcia.eco\/fr\/histoire\/\",\"url\":\"https:\/\/www.jpgarcia.eco\/fr\/histoire\/\",\"name\":\"Histoire - JP Garcia\",\"isPartOf\":{\"@id\":\"https:\/\/www.jpgarcia.eco\/fr\/#website\"},\"primaryImageOfPage\":{\"@id\":\"https:\/\/www.jpgarcia.eco\/fr\/histoire\/#primaryimage\"},\"image\":{\"@id\":\"https:\/\/www.jpgarcia.eco\/fr\/histoire\/#primaryimage\"},\"thumbnailUrl\":\"https:\/\/www.jpgarcia.eco\/wp-content\/uploads\/2024\/12\/historia_fr.png\",\"datePublished\":\"2024-05-08T07:43:18+00:00\",\"dateModified\":\"2024-12-30T09:05:15+00:00\",\"breadcrumb\":{\"@id\":\"https:\/\/www.jpgarcia.eco\/fr\/histoire\/#breadcrumb\"},\"inLanguage\":\"fr-FR\",\"potentialAction\":[{\"@type\":\"ReadAction\",\"target\":[\"https:\/\/www.jpgarcia.eco\/fr\/histoire\/\"]}]},{\"@type\":\"ImageObject\",\"inLanguage\":\"fr-FR\",\"@id\":\"https:\/\/www.jpgarcia.eco\/fr\/histoire\/#primaryimage\",\"url\":\"https:\/\/www.jpgarcia.eco\/wp-content\/uploads\/2024\/12\/historia_fr.png\",\"contentUrl\":\"https:\/\/www.jpgarcia.eco\/wp-content\/uploads\/2024\/12\/historia_fr.png\"},{\"@type\":\"BreadcrumbList\",\"@id\":\"https:\/\/www.jpgarcia.eco\/fr\/histoire\/#breadcrumb\",\"itemListElement\":[{\"@type\":\"ListItem\",\"position\":1,\"name\":\"Portada\",\"item\":\"https:\/\/www.jpgarcia.eco\/fr\/\"},{\"@type\":\"ListItem\",\"position\":2,\"name\":\"Histoire\"}]},{\"@type\":\"WebSite\",\"@id\":\"https:\/\/www.jpgarcia.eco\/fr\/#website\",\"url\":\"https:\/\/www.jpgarcia.eco\/fr\/\",\"name\":\"JP Garcia\",\"description\":\"Recuperaci\u00f3n y reciclaje de envases industriales\",\"publisher\":{\"@id\":\"https:\/\/www.jpgarcia.eco\/fr\/#organization\"},\"potentialAction\":[{\"@type\":\"SearchAction\",\"target\":{\"@type\":\"EntryPoint\",\"urlTemplate\":\"https:\/\/www.jpgarcia.eco\/fr\/?s={search_term_string}\"},\"query-input\":\"required name=search_term_string\"}],\"inLanguage\":\"fr-FR\"},{\"@type\":\"Organization\",\"@id\":\"https:\/\/www.jpgarcia.eco\/fr\/#organization\",\"name\":\"JP Garcia\",\"url\":\"https:\/\/www.jpgarcia.eco\/fr\/\",\"logo\":{\"@type\":\"ImageObject\",\"inLanguage\":\"fr-FR\",\"@id\":\"https:\/\/www.jpgarcia.eco\/fr\/#\/schema\/logo\/image\/\",\"url\":\"https:\/\/www.jpgarcia.eco\/wp-content\/uploads\/2024\/05\/logo_white.png\",\"contentUrl\":\"https:\/\/www.jpgarcia.eco\/wp-content\/uploads\/2024\/05\/logo_white.png\",\"width\":104,\"height\":65,\"caption\":\"JP Garcia\"},\"image\":{\"@id\":\"https:\/\/www.jpgarcia.eco\/fr\/#\/schema\/logo\/image\/\"}}]}<\/script>\n<!-- \/ Yoast SEO plugin. -->","yoast_head_json":{"title":"Histoire - JP Garcia","robots":{"index":"index","follow":"follow","max-snippet":"max-snippet:-1","max-image-preview":"max-image-preview:large","max-video-preview":"max-video-preview:-1"},"canonical":"https:\/\/www.jpgarcia.eco\/fr\/histoire\/","og_locale":"fr_FR","og_type":"article","og_title":"Histoire - JP Garcia","og_description":"Depuis nos installations situ\u00e9es \u00e0 Fogars de la Selva Nous fournissons des services sur mesure aux entreprises dans tout le pays, en respectant des normes \u00e9lev\u00e9es de qualit\u00e9 et de durabilit\u00e9.","og_url":"https:\/\/www.jpgarcia.eco\/fr\/histoire\/","og_site_name":"JP Garcia","article_modified_time":"2024-12-30T09:05:15+00:00","og_image":[{"width":1104,"height":1628,"url":"https:\/\/www.jpgarcia.eco\/wp-content\/uploads\/2024\/12\/historia_fr.png","type":"image\/png"}],"twitter_card":"summary_large_image","twitter_misc":{"Dur\u00e9e de lecture estim\u00e9e":"1 minute"},"schema":{"@context":"https:\/\/schema.org","@graph":[{"@type":"WebPage","@id":"https:\/\/www.jpgarcia.eco\/fr\/histoire\/","url":"https:\/\/www.jpgarcia.eco\/fr\/histoire\/","name":"Histoire - JP Garcia","isPartOf":{"@id":"https:\/\/www.jpgarcia.eco\/fr\/#website"},"primaryImageOfPage":{"@id":"https:\/\/www.jpgarcia.eco\/fr\/histoire\/#primaryimage"},"image":{"@id":"https:\/\/www.jpgarcia.eco\/fr\/histoire\/#primaryimage"},"thumbnailUrl":"https:\/\/www.jpgarcia.eco\/wp-content\/uploads\/2024\/12\/historia_fr.png","datePublished":"2024-05-08T07:43:18+00:00","dateModified":"2024-12-30T09:05:15+00:00","breadcrumb":{"@id":"https:\/\/www.jpgarcia.eco\/fr\/histoire\/#breadcrumb"},"inLanguage":"fr-FR","potentialAction":[{"@type":"ReadAction","target":["https:\/\/www.jpgarcia.eco\/fr\/histoire\/"]}]},{"@type":"ImageObject","inLanguage":"fr-FR","@id":"https:\/\/www.jpgarcia.eco\/fr\/histoire\/#primaryimage","url":"https:\/\/www.jpgarcia.eco\/wp-content\/uploads\/2024\/12\/historia_fr.png","contentUrl":"https:\/\/www.jpgarcia.eco\/wp-content\/uploads\/2024\/12\/historia_fr.png"},{"@type":"BreadcrumbList","@id":"https:\/\/www.jpgarcia.eco\/fr\/histoire\/#breadcrumb","itemListElement":[{"@type":"ListItem","position":1,"name":"Portada","item":"https:\/\/www.jpgarcia.eco\/fr\/"},{"@type":"ListItem","position":2,"name":"Histoire"}]},{"@type":"WebSite","@id":"https:\/\/www.jpgarcia.eco\/fr\/#website","url":"https:\/\/www.jpgarcia.eco\/fr\/","name":"JP Garcia","description":"Recuperaci\u00f3n y reciclaje de envases industriales","publisher":{"@id":"https:\/\/www.jpgarcia.eco\/fr\/#organization"},"potentialAction":[{"@type":"SearchAction","target":{"@type":"EntryPoint","urlTemplate":"https:\/\/www.jpgarcia.eco\/fr\/?s={search_term_string}"},"query-input":"required name=search_term_string"}],"inLanguage":"fr-FR"},{"@type":"Organization","@id":"https:\/\/www.jpgarcia.eco\/fr\/#organization","name":"JP Garcia","url":"https:\/\/www.jpgarcia.eco\/fr\/","logo":{"@type":"ImageObject","inLanguage":"fr-FR","@id":"https:\/\/www.jpgarcia.eco\/fr\/#\/schema\/logo\/image\/","url":"https:\/\/www.jpgarcia.eco\/wp-content\/uploads\/2024\/05\/logo_white.png","contentUrl":"https:\/\/www.jpgarcia.eco\/wp-content\/uploads\/2024\/05\/logo_white.png","width":104,"height":65,"caption":"JP Garcia"},"image":{"@id":"https:\/\/www.jpgarcia.eco\/fr\/#\/schema\/logo\/image\/"}}]}},"_links":{"self":[{"href":"https:\/\/www.jpgarcia.eco\/fr\/wp-json\/wp\/v2\/pages\/1714"}],"collection":[{"href":"https:\/\/www.jpgarcia.eco\/fr\/wp-json\/wp\/v2\/pages"}],"about":[{"href":"https:\/\/www.jpgarcia.eco\/fr\/wp-json\/wp\/v2\/types\/page"}],"author":[{"embeddable":true,"href":"https:\/\/www.jpgarcia.eco\/fr\/wp-json\/wp\/v2\/users\/1"}],"replies":[{"embeddable":true,"href":"https:\/\/www.jpgarcia.eco\/fr\/wp-json\/wp\/v2\/comments?post=1714"}],"version-history":[{"count":4,"href":"https:\/\/www.jpgarcia.eco\/fr\/wp-json\/wp\/v2\/pages\/1714\/revisions"}],"predecessor-version":[{"id":1967,"href":"https:\/\/www.jpgarcia.eco\/fr\/wp-json\/wp\/v2\/pages\/1714\/revisions\/1967"}],"wp:attachment":[{"href":"https:\/\/www.jpgarcia.eco\/fr\/wp-json\/wp\/v2\/media?parent=1714"}],"curies":[{"name":"wp","href":"https:\/\/api.w.org\/{rel}","templated":true}]}}